{"id":19,"date":"2020-06-18T11:42:01","date_gmt":"2020-06-18T11:42:01","guid":{"rendered":"https:\/\/eufabies.com\/web\/?page_id=19"},"modified":"2024-03-06T11:29:25","modified_gmt":"2024-03-06T11:29:25","slug":"inicio","status":"publish","type":"page","link":"https:\/\/eufabies.com\/web\/","title":{"rendered":"Inicio"},"content":{"rendered":"\n<p>En el suroeste de la isla de Ibiza, en una de las calas m\u00e1s bonitas, se encuentra el restaurante <strong>Ses Euf\u00e0bies.<\/strong><br>Es el sitio ideal para pasar un buen d\u00eda de playa, con un buen ambiente familiar, donde los ni\u00f1os pueden disfrutar en la tranquila playa.<\/p>\n","protected":false},"excerpt":{"rendered":"<p>En el suroeste de la isla de Ibiza, en una de las calas m\u00e1s bonitas, se encuentra el restaurante Ses Euf\u00e0bies.Es el sitio ideal para pasar un buen d\u00eda de playa, con un buen ambiente familiar, donde los ni\u00f1os pueden disfrutar en la tranquila playa.<\/p>\n","protected":false},"author":1,"featured_media":0,"parent":0,"menu_order":0,"comment_status":"closed","ping_status":"closed","template":"","meta":[],"yoast_head":"<!-- This site is optimized with the Yoast SEO plugin v18.1 - https:\/\/yoast.com\/wordpress\/plugins\/seo\/ -->\n<title>Inicio - Tel\u00e9fono 971 80 63 28<\/title>\n<meta name=\"description\" content=\"En el suroeste de la isla de Ibiza, en una de las calas m\u00e1s bonitas, se encuentra el restaurante Ses Eufabies.Es el sitio ideal para pasar un buen d\u00eda de playa, con un buen ambiente familiar, donde los ni\u00f1os pueden disfrutar en la tranquila playa.\" \/>\n<meta name=\"robots\" content=\"index, follow, max-snippet:-1, max-image-preview:large, max-video-preview:-1\" \/>\n<link rel=\"canonical\" href=\"https:\/\/eufabies.com\/web\/\" \/>\n<meta property=\"og:locale\" content=\"es_ES\" \/>\n<meta property=\"og:type\" content=\"article\" \/>\n<meta property=\"og:title\" content=\"Inicio - Tel\u00e9fono 971 80 63 28\" \/>\n<meta property=\"og:description\" content=\"En el suroeste de la isla de Ibiza, en una de las calas m\u00e1s bonitas, se encuentra el restaurante Ses Eufabies.Es el sitio ideal para pasar un buen d\u00eda de playa, con un buen ambiente familiar, donde los ni\u00f1os pueden disfrutar en la tranquila playa.\" \/>\n<meta property=\"og:url\" content=\"https:\/\/eufabies.com\/web\/\" \/>\n<meta property=\"og:site_name\" content=\"Tel\u00e9fono 971 80 63 28\" \/>\n<meta property=\"article:publisher\" content=\"https:\/\/es-es.facebook.com\/SesEufabiesIbiza\/\" \/>\n<meta property=\"article:modified_time\" content=\"2024-03-06T11:29:25+00:00\" \/>\n<meta name=\"twitter:card\" content=\"summary_large_image\" \/>\n<meta name=\"twitter:label1\" content=\"Tiempo de lectura\" \/>\n\t<meta name=\"twitter:data1\" content=\"1 minuto\" \/>\n<script type=\"application\/ld+json\" class=\"yoast-schema-graph\">{\"@context\":\"https:\/\/schema.org\",\"@graph\":[{\"@type\":\"Organization\",\"@id\":\"https:\/\/eufabies.com\/web\/#organization\",\"name\":\"Restaurante Ses Eufabies\",\"url\":\"https:\/\/eufabies.com\/web\/\",\"sameAs\":[\"https:\/\/es-es.facebook.com\/SesEufabiesIbiza\/\",\"https:\/\/www.instagram.com\/seseufabies\"],\"logo\":{\"@type\":\"ImageObject\",\"@id\":\"https:\/\/eufabies.com\/web\/#logo\",\"inLanguage\":\"es\",\"url\":\"https:\/\/eufabies.com\/web\/wp-content\/uploads\/2020\/06\/logogr.gif\",\"contentUrl\":\"https:\/\/eufabies.com\/web\/wp-content\/uploads\/2020\/06\/logogr.gif\",\"width\":150,\"height\":104,\"caption\":\"Restaurante Ses Eufabies\"},\"image\":{\"@id\":\"https:\/\/eufabies.com\/web\/#logo\"}},{\"@type\":\"WebSite\",\"@id\":\"https:\/\/eufabies.com\/web\/#website\",\"url\":\"https:\/\/eufabies.com\/web\/\",\"name\":\"Ses Eufabies\",\"description\":\"Estamos Abiertos\",\"publisher\":{\"@id\":\"https:\/\/eufabies.com\/web\/#organization\"},\"potentialAction\":[{\"@type\":\"SearchAction\",\"target\":{\"@type\":\"EntryPoint\",\"urlTemplate\":\"https:\/\/eufabies.com\/web\/?s={search_term_string}\"},\"query-input\":\"required name=search_term_string\"}],\"inLanguage\":\"es\"},{\"@type\":\"WebPage\",\"@id\":\"https:\/\/eufabies.com\/web\/#webpage\",\"url\":\"https:\/\/eufabies.com\/web\/\",\"name\":\"Inicio - Tel\u00e9fono 971 80 63 28\",\"isPartOf\":{\"@id\":\"https:\/\/eufabies.com\/web\/#website\"},\"datePublished\":\"2020-06-18T11:42:01+00:00\",\"dateModified\":\"2024-03-06T11:29:25+00:00\",\"description\":\"En el suroeste de la isla de Ibiza, en una de las calas m\u00e1s bonitas, se encuentra el restaurante Ses Eufabies.Es el sitio ideal para pasar un buen d\u00eda de playa, con un buen ambiente familiar, donde los ni\u00f1os pueden disfrutar en la tranquila playa.\",\"breadcrumb\":{\"@id\":\"https:\/\/eufabies.com\/web\/#breadcrumb\"},\"inLanguage\":\"es\",\"potentialAction\":[{\"@type\":\"ReadAction\",\"target\":[\"https:\/\/eufabies.com\/web\/\"]}]},{\"@type\":\"BreadcrumbList\",\"@id\":\"https:\/\/eufabies.com\/web\/#breadcrumb\",\"itemListElement\":[{\"@type\":\"ListItem\",\"position\":1,\"name\":\"Portada\",\"item\":\"https:\/\/eufabies.com\/web\/\"},{\"@type\":\"ListItem\",\"position\":2,\"name\":\"Inicio\"}]}]}<\/script>\n<!-- \/ Yoast SEO plugin. -->","yoast_head_json":{"title":"Inicio - Tel\u00e9fono 971 80 63 28","description":"En el suroeste de la isla de Ibiza, en una de las calas m\u00e1s bonitas, se encuentra el restaurante Ses Eufabies.Es el sitio ideal para pasar un buen d\u00eda de playa, con un buen ambiente familiar, donde los ni\u00f1os pueden disfrutar en la tranquila playa.","robots":{"index":"index","follow":"follow","max-snippet":"max-snippet:-1","max-image-preview":"max-image-preview:large","max-video-preview":"max-video-preview:-1"},"canonical":"https:\/\/eufabies.com\/web\/","og_locale":"es_ES","og_type":"article","og_title":"Inicio - Tel\u00e9fono 971 80 63 28","og_description":"En el suroeste de la isla de Ibiza, en una de las calas m\u00e1s bonitas, se encuentra el restaurante Ses Eufabies.Es el sitio ideal para pasar un buen d\u00eda de playa, con un buen ambiente familiar, donde los ni\u00f1os pueden disfrutar en la tranquila playa.","og_url":"https:\/\/eufabies.com\/web\/","og_site_name":"Tel\u00e9fono 971 80 63 28","article_publisher":"https:\/\/es-es.facebook.com\/SesEufabiesIbiza\/","article_modified_time":"2024-03-06T11:29:25+00:00","twitter_card":"summary_large_image","twitter_misc":{"Tiempo de lectura":"1 minuto"},"schema":{"@context":"https:\/\/schema.org","@graph":[{"@type":"Organization","@id":"https:\/\/eufabies.com\/web\/#organization","name":"Restaurante Ses Eufabies","url":"https:\/\/eufabies.com\/web\/","sameAs":["https:\/\/es-es.facebook.com\/SesEufabiesIbiza\/","https:\/\/www.instagram.com\/seseufabies"],"logo":{"@type":"ImageObject","@id":"https:\/\/eufabies.com\/web\/#logo","inLanguage":"es","url":"https:\/\/eufabies.com\/web\/wp-content\/uploads\/2020\/06\/logogr.gif","contentUrl":"https:\/\/eufabies.com\/web\/wp-content\/uploads\/2020\/06\/logogr.gif","width":150,"height":104,"caption":"Restaurante Ses Eufabies"},"image":{"@id":"https:\/\/eufabies.com\/web\/#logo"}},{"@type":"WebSite","@id":"https:\/\/eufabies.com\/web\/#website","url":"https:\/\/eufabies.com\/web\/","name":"Ses Eufabies","description":"Estamos Abiertos","publisher":{"@id":"https:\/\/eufabies.com\/web\/#organization"},"potentialAction":[{"@type":"SearchAction","target":{"@type":"EntryPoint","urlTemplate":"https:\/\/eufabies.com\/web\/?s={search_term_string}"},"query-input":"required name=search_term_string"}],"inLanguage":"es"},{"@type":"WebPage","@id":"https:\/\/eufabies.com\/web\/#webpage","url":"https:\/\/eufabies.com\/web\/","name":"Inicio - Tel\u00e9fono 971 80 63 28","isPartOf":{"@id":"https:\/\/eufabies.com\/web\/#website"},"datePublished":"2020-06-18T11:42:01+00:00","dateModified":"2024-03-06T11:29:25+00:00","description":"En el suroeste de la isla de Ibiza, en una de las calas m\u00e1s bonitas, se encuentra el restaurante Ses Eufabies.Es el sitio ideal para pasar un buen d\u00eda de playa, con un buen ambiente familiar, donde los ni\u00f1os pueden disfrutar en la tranquila playa.","breadcrumb":{"@id":"https:\/\/eufabies.com\/web\/#breadcrumb"},"inLanguage":"es","potentialAction":[{"@type":"ReadAction","target":["https:\/\/eufabies.com\/web\/"]}]},{"@type":"BreadcrumbList","@id":"https:\/\/eufabies.com\/web\/#breadcrumb","itemListElement":[{"@type":"ListItem","position":1,"name":"Portada","item":"https:\/\/eufabies.com\/web\/"},{"@type":"ListItem","position":2,"name":"Inicio"}]}]}},"_links":{"self":[{"href":"https:\/\/eufabies.com\/web\/wp-json\/wp\/v2\/pages\/19"}],"collection":[{"href":"https:\/\/eufabies.com\/web\/wp-json\/wp\/v2\/pages"}],"about":[{"href":"https:\/\/eufabies.com\/web\/wp-json\/wp\/v2\/types\/page"}],"author":[{"embeddable":true,"href":"https:\/\/eufabies.com\/web\/wp-json\/wp\/v2\/users\/1"}],"replies":[{"embeddable":true,"href":"https:\/\/eufabies.com\/web\/wp-json\/wp\/v2\/comments?post=19"}],"version-history":[{"count":5,"href":"https:\/\/eufabies.com\/web\/wp-json\/wp\/v2\/pages\/19\/revisions"}],"predecessor-version":[{"id":577,"href":"https:\/\/eufabies.com\/web\/wp-json\/wp\/v2\/pages\/19\/revisions\/577"}],"wp:attachment":[{"href":"https:\/\/eufabies.com\/web\/wp-json\/wp\/v2\/media?parent=19"}],"curies":[{"name":"wp","href":"https:\/\/api.w.org\/{rel}","templated":true}]}}