{"id":88,"date":"2020-06-18T13:09:22","date_gmt":"2020-06-18T13:09:22","guid":{"rendered":"https:\/\/eufabies.com\/web\/?page_id=88"},"modified":"2023-07-07T09:56:04","modified_gmt":"2023-07-07T09:56:04","slug":"localizacion","status":"publish","type":"page","link":"https:\/\/eufabies.com\/web\/localizacion\/","title":{"rendered":"Localizaci\u00f3n"},"content":{"rendered":"\n<div class=\"wp-block-columns\">\n<div class=\"wp-block-column\" style=\"flex-basis:66.66%\">\n<p class=\"has-text-align-center\"><strong>Bar Restaurante Ses Eufabies<\/strong><\/p>\n\n\n\n<p class=\"has-text-align-center\"> Playa Cala Tarida &#8211; San Jos\u00e9 &#8211; Ibiza &#8211; Tel:971806328<\/p>\n\n\n\n<div class=\"wp-block-image\"><figure class=\"aligncenter size-large is-resized\"><img loading=\"lazy\" src=\"https:\/\/eufabies.com\/web\/wp-content\/uploads\/2023\/07\/Screenshot_2.jpg\" alt=\"\" class=\"wp-image-646\" width=\"305\" height=\"301\" srcset=\"https:\/\/eufabies.com\/web\/wp-content\/uploads\/2023\/07\/Screenshot_2.jpg 342w, https:\/\/eufabies.com\/web\/wp-content\/uploads\/2023\/07\/Screenshot_2-300x296.jpg 300w\" sizes=\"(max-width: 305px) 100vw, 305px\" \/><\/figure><\/div>\n\n\n\n<p class=\"has-text-align-center\">        Escanea el c\u00f3digo QR para obtener la ruta hasta \u00abSes Euf\u00e0bies\u00bb<\/p>\n\n\n\n<p class=\"has-text-align-center\">Scan the QR code to get the route to \u00abSes Euf\u00e0bies\u00bb.<\/p>\n\n\n\n<p><\/p>\n\n\n\n\n\n<p><br><\/p>\n<\/div>\n\n\n\n<div class=\"wp-block-column\" style=\"flex-basis:33.33%\">\n<figure class=\"wp-block-gallery columns-2 is-cropped\"><ul class=\"blocks-gallery-grid\"><li class=\"blocks-gallery-item\"><figure><img loading=\"lazy\" width=\"400\" height=\"332\" src=\"https:\/\/eufabies.com\/web\/wp-content\/uploads\/2020\/06\/localizacion1.png\" alt=\"\" data-id=\"47\" data-full-url=\"https:\/\/eufabies.com\/web\/wp-content\/uploads\/2020\/06\/localizacion1.png\" data-link=\"https:\/\/eufabies.com\/web\/localizacion1\/\" class=\"wp-image-47\" srcset=\"https:\/\/eufabies.com\/web\/wp-content\/uploads\/2020\/06\/localizacion1.png 400w, https:\/\/eufabies.com\/web\/wp-content\/uploads\/2020\/06\/localizacion1-300x249.png 300w\" sizes=\"(max-width: 400px) 100vw, 400px\" \/><\/figure><\/li><li class=\"blocks-gallery-item\"><figure><img loading=\"lazy\" width=\"400\" height=\"332\" src=\"https:\/\/eufabies.com\/web\/wp-content\/uploads\/2020\/06\/localizacion2.png\" alt=\"\" data-id=\"48\" data-full-url=\"https:\/\/eufabies.com\/web\/wp-content\/uploads\/2020\/06\/localizacion2.png\" data-link=\"https:\/\/eufabies.com\/web\/localizacion2\/\" class=\"wp-image-48\" srcset=\"https:\/\/eufabies.com\/web\/wp-content\/uploads\/2020\/06\/localizacion2.png 400w, https:\/\/eufabies.com\/web\/wp-content\/uploads\/2020\/06\/localizacion2-300x249.png 300w\" sizes=\"(max-width: 400px) 100vw, 400px\" \/><\/figure><\/li><li class=\"blocks-gallery-item\"><figure><img loading=\"lazy\" width=\"400\" height=\"332\" src=\"https:\/\/eufabies.com\/web\/wp-content\/uploads\/2020\/06\/localizacion3.png\" alt=\"\" data-id=\"49\" data-full-url=\"https:\/\/eufabies.com\/web\/wp-content\/uploads\/2020\/06\/localizacion3.png\" data-link=\"https:\/\/eufabies.com\/web\/localizacion3\/\" class=\"wp-image-49\" srcset=\"https:\/\/eufabies.com\/web\/wp-content\/uploads\/2020\/06\/localizacion3.png 400w, https:\/\/eufabies.com\/web\/wp-content\/uploads\/2020\/06\/localizacion3-300x249.png 300w\" sizes=\"(max-width: 400px) 100vw, 400px\" \/><\/figure><\/li><\/ul><\/figure>\n\n\n\n<p><\/p>\n<\/div>\n<\/div>\n","protected":false},"excerpt":{"rendered":"<p>Bar Restaurante Ses Eufabies Playa Cala Tarida &#8211; San Jos\u00e9 &#8211; Ibiza &#8211; Tel:971806328 Escanea el c\u00f3digo QR para obtener la ruta hasta \u00abSes Euf\u00e0bies\u00bb Scan the QR code to get the route to \u00abSes Euf\u00e0bies\u00bb.<\/p>\n","protected":false},"author":1,"featured_media":0,"parent":0,"menu_order":0,"comment_status":"closed","ping_status":"closed","template":"","meta":[],"yoast_head":"<!-- This site is optimized with the Yoast SEO plugin v18.1 - https:\/\/yoast.com\/wordpress\/plugins\/seo\/ -->\n<title>Localizaci\u00f3n - Tel\u00e9fono 971 80 63 28<\/title>\n<meta name=\"robots\" content=\"index, follow, max-snippet:-1, max-image-preview:large, max-video-preview:-1\" \/>\n<link rel=\"canonical\" href=\"https:\/\/eufabies.com\/web\/localizacion\/\" \/>\n<meta property=\"og:locale\" content=\"es_ES\" \/>\n<meta property=\"og:type\" content=\"article\" \/>\n<meta property=\"og:title\" content=\"Localizaci\u00f3n - Tel\u00e9fono 971 80 63 28\" \/>\n<meta property=\"og:description\" content=\"Bar Restaurante Ses Eufabies Playa Cala Tarida &#8211; San Jos\u00e9 &#8211; Ibiza &#8211; Tel:971806328 Escanea el c\u00f3digo QR para obtener la ruta hasta \u00abSes Euf\u00e0bies\u00bb Scan the QR code to get the route to \u00abSes Euf\u00e0bies\u00bb.\" \/>\n<meta property=\"og:url\" content=\"https:\/\/eufabies.com\/web\/localizacion\/\" \/>\n<meta property=\"og:site_name\" content=\"Tel\u00e9fono 971 80 63 28\" \/>\n<meta property=\"article:publisher\" content=\"https:\/\/es-es.facebook.com\/SesEufabiesIbiza\/\" \/>\n<meta property=\"article:modified_time\" content=\"2023-07-07T09:56:04+00:00\" \/>\n<meta property=\"og:image\" content=\"https:\/\/eufabies.com\/web\/wp-content\/uploads\/2023\/07\/Screenshot_2.jpg\" \/>\n<meta name=\"twitter:card\" content=\"summary_large_image\" \/>\n<meta name=\"twitter:label1\" content=\"Tiempo de lectura\" \/>\n\t<meta name=\"twitter:data1\" content=\"1 minuto\" \/>\n<script type=\"application\/ld+json\" class=\"yoast-schema-graph\">{\"@context\":\"https:\/\/schema.org\",\"@graph\":[{\"@type\":\"Organization\",\"@id\":\"https:\/\/eufabies.com\/web\/#organization\",\"name\":\"Restaurante Ses Eufabies\",\"url\":\"https:\/\/eufabies.com\/web\/\",\"sameAs\":[\"https:\/\/es-es.facebook.com\/SesEufabiesIbiza\/\",\"https:\/\/www.instagram.com\/seseufabies\"],\"logo\":{\"@type\":\"ImageObject\",\"@id\":\"https:\/\/eufabies.com\/web\/#logo\",\"inLanguage\":\"es\",\"url\":\"https:\/\/eufabies.com\/web\/wp-content\/uploads\/2020\/06\/logogr.gif\",\"contentUrl\":\"https:\/\/eufabies.com\/web\/wp-content\/uploads\/2020\/06\/logogr.gif\",\"width\":150,\"height\":104,\"caption\":\"Restaurante Ses Eufabies\"},\"image\":{\"@id\":\"https:\/\/eufabies.com\/web\/#logo\"}},{\"@type\":\"WebSite\",\"@id\":\"https:\/\/eufabies.com\/web\/#website\",\"url\":\"https:\/\/eufabies.com\/web\/\",\"name\":\"Ses Eufabies\",\"description\":\"Estamos Abiertos\",\"publisher\":{\"@id\":\"https:\/\/eufabies.com\/web\/#organization\"},\"potentialAction\":[{\"@type\":\"SearchAction\",\"target\":{\"@type\":\"EntryPoint\",\"urlTemplate\":\"https:\/\/eufabies.com\/web\/?s={search_term_string}\"},\"query-input\":\"required name=search_term_string\"}],\"inLanguage\":\"es\"},{\"@type\":\"ImageObject\",\"@id\":\"https:\/\/eufabies.com\/web\/localizacion\/#primaryimage\",\"inLanguage\":\"es\",\"url\":\"https:\/\/eufabies.com\/web\/wp-content\/uploads\/2023\/07\/Screenshot_2.jpg\",\"contentUrl\":\"https:\/\/eufabies.com\/web\/wp-content\/uploads\/2023\/07\/Screenshot_2.jpg\",\"width\":342,\"height\":337},{\"@type\":\"WebPage\",\"@id\":\"https:\/\/eufabies.com\/web\/localizacion\/#webpage\",\"url\":\"https:\/\/eufabies.com\/web\/localizacion\/\",\"name\":\"Localizaci\u00f3n - Tel\u00e9fono 971 80 63 28\",\"isPartOf\":{\"@id\":\"https:\/\/eufabies.com\/web\/#website\"},\"primaryImageOfPage\":{\"@id\":\"https:\/\/eufabies.com\/web\/localizacion\/#primaryimage\"},\"datePublished\":\"2020-06-18T13:09:22+00:00\",\"dateModified\":\"2023-07-07T09:56:04+00:00\",\"breadcrumb\":{\"@id\":\"https:\/\/eufabies.com\/web\/localizacion\/#breadcrumb\"},\"inLanguage\":\"es\",\"potentialAction\":[{\"@type\":\"ReadAction\",\"target\":[\"https:\/\/eufabies.com\/web\/localizacion\/\"]}]},{\"@type\":\"BreadcrumbList\",\"@id\":\"https:\/\/eufabies.com\/web\/localizacion\/#breadcrumb\",\"itemListElement\":[{\"@type\":\"ListItem\",\"position\":1,\"name\":\"Portada\",\"item\":\"https:\/\/eufabies.com\/web\/\"},{\"@type\":\"ListItem\",\"position\":2,\"name\":\"Localizaci\u00f3n\"}]}]}<\/script>\n<!-- \/ Yoast SEO plugin. -->","yoast_head_json":{"title":"Localizaci\u00f3n - Tel\u00e9fono 971 80 63 28","robots":{"index":"index","follow":"follow","max-snippet":"max-snippet:-1","max-image-preview":"max-image-preview:large","max-video-preview":"max-video-preview:-1"},"canonical":"https:\/\/eufabies.com\/web\/localizacion\/","og_locale":"es_ES","og_type":"article","og_title":"Localizaci\u00f3n - Tel\u00e9fono 971 80 63 28","og_description":"Bar Restaurante Ses Eufabies Playa Cala Tarida &#8211; San Jos\u00e9 &#8211; Ibiza &#8211; Tel:971806328 Escanea el c\u00f3digo QR para obtener la ruta hasta \u00abSes Euf\u00e0bies\u00bb Scan the QR code to get the route to \u00abSes Euf\u00e0bies\u00bb.","og_url":"https:\/\/eufabies.com\/web\/localizacion\/","og_site_name":"Tel\u00e9fono 971 80 63 28","article_publisher":"https:\/\/es-es.facebook.com\/SesEufabiesIbiza\/","article_modified_time":"2023-07-07T09:56:04+00:00","og_image":[{"url":"https:\/\/eufabies.com\/web\/wp-content\/uploads\/2023\/07\/Screenshot_2.jpg"}],"twitter_card":"summary_large_image","twitter_misc":{"Tiempo de lectura":"1 minuto"},"schema":{"@context":"https:\/\/schema.org","@graph":[{"@type":"Organization","@id":"https:\/\/eufabies.com\/web\/#organization","name":"Restaurante Ses Eufabies","url":"https:\/\/eufabies.com\/web\/","sameAs":["https:\/\/es-es.facebook.com\/SesEufabiesIbiza\/","https:\/\/www.instagram.com\/seseufabies"],"logo":{"@type":"ImageObject","@id":"https:\/\/eufabies.com\/web\/#logo","inLanguage":"es","url":"https:\/\/eufabies.com\/web\/wp-content\/uploads\/2020\/06\/logogr.gif","contentUrl":"https:\/\/eufabies.com\/web\/wp-content\/uploads\/2020\/06\/logogr.gif","width":150,"height":104,"caption":"Restaurante Ses Eufabies"},"image":{"@id":"https:\/\/eufabies.com\/web\/#logo"}},{"@type":"WebSite","@id":"https:\/\/eufabies.com\/web\/#website","url":"https:\/\/eufabies.com\/web\/","name":"Ses Eufabies","description":"Estamos Abiertos","publisher":{"@id":"https:\/\/eufabies.com\/web\/#organization"},"potentialAction":[{"@type":"SearchAction","target":{"@type":"EntryPoint","urlTemplate":"https:\/\/eufabies.com\/web\/?s={search_term_string}"},"query-input":"required name=search_term_string"}],"inLanguage":"es"},{"@type":"ImageObject","@id":"https:\/\/eufabies.com\/web\/localizacion\/#primaryimage","inLanguage":"es","url":"https:\/\/eufabies.com\/web\/wp-content\/uploads\/2023\/07\/Screenshot_2.jpg","contentUrl":"https:\/\/eufabies.com\/web\/wp-content\/uploads\/2023\/07\/Screenshot_2.jpg","width":342,"height":337},{"@type":"WebPage","@id":"https:\/\/eufabies.com\/web\/localizacion\/#webpage","url":"https:\/\/eufabies.com\/web\/localizacion\/","name":"Localizaci\u00f3n - Tel\u00e9fono 971 80 63 28","isPartOf":{"@id":"https:\/\/eufabies.com\/web\/#website"},"primaryImageOfPage":{"@id":"https:\/\/eufabies.com\/web\/localizacion\/#primaryimage"},"datePublished":"2020-06-18T13:09:22+00:00","dateModified":"2023-07-07T09:56:04+00:00","breadcrumb":{"@id":"https:\/\/eufabies.com\/web\/localizacion\/#breadcrumb"},"inLanguage":"es","potentialAction":[{"@type":"ReadAction","target":["https:\/\/eufabies.com\/web\/localizacion\/"]}]},{"@type":"BreadcrumbList","@id":"https:\/\/eufabies.com\/web\/localizacion\/#breadcrumb","itemListElement":[{"@type":"ListItem","position":1,"name":"Portada","item":"https:\/\/eufabies.com\/web\/"},{"@type":"ListItem","position":2,"name":"Localizaci\u00f3n"}]}]}},"_links":{"self":[{"href":"https:\/\/eufabies.com\/web\/wp-json\/wp\/v2\/pages\/88"}],"collection":[{"href":"https:\/\/eufabies.com\/web\/wp-json\/wp\/v2\/pages"}],"about":[{"href":"https:\/\/eufabies.com\/web\/wp-json\/wp\/v2\/types\/page"}],"author":[{"embeddable":true,"href":"https:\/\/eufabies.com\/web\/wp-json\/wp\/v2\/users\/1"}],"replies":[{"embeddable":true,"href":"https:\/\/eufabies.com\/web\/wp-json\/wp\/v2\/comments?post=88"}],"version-history":[{"count":13,"href":"https:\/\/eufabies.com\/web\/wp-json\/wp\/v2\/pages\/88\/revisions"}],"predecessor-version":[{"id":648,"href":"https:\/\/eufabies.com\/web\/wp-json\/wp\/v2\/pages\/88\/revisions\/648"}],"wp:attachment":[{"href":"https:\/\/eufabies.com\/web\/wp-json\/wp\/v2\/media?parent=88"}],"curies":[{"name":"wp","href":"https:\/\/api.w.org\/{rel}","templated":true}]}}