{"id":98,"date":"2020-06-18T13:27:41","date_gmt":"2020-06-18T13:27:41","guid":{"rendered":"https:\/\/eufabies.com\/web\/?page_id=98"},"modified":"2026-03-24T08:16:32","modified_gmt":"2026-03-24T08:16:32","slug":"contacto","status":"publish","type":"page","link":"https:\/\/eufabies.com\/web\/contacto\/","title":{"rendered":"Contacto"},"content":{"rendered":"\n<div class=\"wp-block-columns\">\n<div class=\"wp-block-column\" style=\"flex-basis:66.66%\">\n<div class=\"wp-block-image\"><figure class=\"aligncenter size-large is-resized\"><img loading=\"lazy\" src=\"https:\/\/eufabies.com\/web\/wp-content\/uploads\/2020\/06\/portada.jpg\" alt=\"\" class=\"wp-image-99\" width=\"453\" height=\"309\" srcset=\"https:\/\/eufabies.com\/web\/wp-content\/uploads\/2020\/06\/portada.jpg 750w, https:\/\/eufabies.com\/web\/wp-content\/uploads\/2020\/06\/portada-300x205.jpg 300w, https:\/\/eufabies.com\/web\/wp-content\/uploads\/2020\/06\/portada-600x410.jpg 600w\" sizes=\"(max-width: 453px) 100vw, 453px\" \/><\/figure><\/div>\n\n\n\n<div class=\"wp-block-buttons is-content-justification-center\">\n<div class=\"wp-block-button\"><a class=\"wp-block-button__link\" href=\"https:\/\/www.instagram.com\/seseufabies\">@SESEUFABIES<\/a><\/div>\n\n\n\n<div class=\"wp-block-button\"><a class=\"wp-block-button__link\" href=\"https:\/\/www.facebook.com\/SesEufabiesIbiza\/\">#SESEUFABIESIBIZA<\/a><\/div>\n<\/div>\n\n\n\n<pre class=\"wp-block-preformatted\"><\/pre>\n<\/div>\n\n\n\n<div class=\"wp-block-column\" style=\"flex-basis:33.33%\">\n<p>Playa Cala Tarida<br>San Jos\u00e9 &#8211; CP 07830<br>Ibiza<\/p>\n\n\n\n<p><\/p>\n\n\n\n<p>Abrimos el 27 de Marzo.<br>Abierto cada d\u00eda:<br>Bar, 13:00 &#8211; 23:00<br>Cocina, 13:00 &#8211; 22:00<br><\/p>\n\n\n\n<p><strong>Reservas:<\/strong><br><strong>Tel.: (+34) 971 80 63 28<\/strong><\/p>\n\n\n\n<p><\/p>\n\n\n\n<p><br><\/p>\n\n\n\n<p><\/p>\n\n\n\n<iframe scrolling=\"no\" marginheight=\"0\" marginwidth=\"0\" src=\"https:\/\/www.openstreetmap.org\/export\/embed.html?bbox=1.234695911407471%2C38.93728896827614%2C1.2388265132904055%2C38.941327957458356&amp;layer=mapnik&amp;marker=38.93930849162542%2C1.236761212348938\" style=\"border: 1px solid black\" height=\"350\" frameborder=\"0\"><\/iframe><br><small><a href=\"https:\/\/www.openstreetmap.org\/?mlat=38.93931&amp;mlon=1.23676#map=17\/38.93931\/1.23676\" target=\"_blank\" rel=\"noopener noreferrer\">Ver mapa m\u00e1s grande<\/a><\/small>\n<\/div>\n<\/div>\n","protected":false},"excerpt":{"rendered":"<p>Playa Cala TaridaSan Jos\u00e9 &#8211; CP 07830Ibiza Abrimos el 27 de Marzo.Abierto cada d\u00eda:Bar, 13:00 &#8211; 23:00Cocina, 13:00 &#8211; 22:00 Reservas:Tel.: (+34) 971 80 63 28 Ver mapa m\u00e1s grande<\/p>\n","protected":false},"author":1,"featured_media":34,"parent":0,"menu_order":0,"comment_status":"closed","ping_status":"closed","template":"","meta":[],"yoast_head":"<!-- This site is optimized with the Yoast SEO plugin v18.1 - https:\/\/yoast.com\/wordpress\/plugins\/seo\/ -->\n<title>Contacto - Tel\u00e9fono 971 80 63 28<\/title>\n<meta name=\"robots\" content=\"index, follow, max-snippet:-1, max-image-preview:large, max-video-preview:-1\" \/>\n<link rel=\"canonical\" href=\"https:\/\/eufabies.com\/web\/contacto\/\" \/>\n<meta property=\"og:locale\" content=\"es_ES\" \/>\n<meta property=\"og:type\" content=\"article\" \/>\n<meta property=\"og:title\" content=\"Contacto - Tel\u00e9fono 971 80 63 28\" \/>\n<meta property=\"og:description\" content=\"Playa Cala TaridaSan Jos\u00e9 &#8211; CP 07830Ibiza Abrimos el 27 de Marzo.Abierto cada d\u00eda:Bar, 13:00 &#8211; 23:00Cocina, 13:00 &#8211; 22:00 Reservas:Tel.: (+34) 971 80 63 28 Ver mapa m\u00e1s grande\" \/>\n<meta property=\"og:url\" content=\"https:\/\/eufabies.com\/web\/contacto\/\" \/>\n<meta property=\"og:site_name\" content=\"Tel\u00e9fono 971 80 63 28\" \/>\n<meta property=\"article:publisher\" content=\"https:\/\/es-es.facebook.com\/SesEufabiesIbiza\/\" \/>\n<meta property=\"article:modified_time\" content=\"2026-03-24T08:16:32+00:00\" \/>\n<meta property=\"og:image\" content=\"https:\/\/eufabies.com\/web\/wp-content\/uploads\/2020\/06\/entorno2.jpg\" \/>\n\t<meta property=\"og:image:width\" content=\"550\" \/>\n\t<meta property=\"og:image:height\" content=\"180\" \/>\n\t<meta property=\"og:image:type\" content=\"image\/jpeg\" \/>\n<meta name=\"twitter:card\" content=\"summary_large_image\" \/>\n<meta name=\"twitter:label1\" content=\"Tiempo de lectura\" \/>\n\t<meta name=\"twitter:data1\" content=\"1 minuto\" \/>\n<script type=\"application\/ld+json\" class=\"yoast-schema-graph\">{\"@context\":\"https:\/\/schema.org\",\"@graph\":[{\"@type\":\"Organization\",\"@id\":\"https:\/\/eufabies.com\/web\/#organization\",\"name\":\"Restaurante Ses Eufabies\",\"url\":\"https:\/\/eufabies.com\/web\/\",\"sameAs\":[\"https:\/\/es-es.facebook.com\/SesEufabiesIbiza\/\",\"https:\/\/www.instagram.com\/seseufabies\"],\"logo\":{\"@type\":\"ImageObject\",\"@id\":\"https:\/\/eufabies.com\/web\/#logo\",\"inLanguage\":\"es\",\"url\":\"https:\/\/eufabies.com\/web\/wp-content\/uploads\/2020\/06\/logogr.gif\",\"contentUrl\":\"https:\/\/eufabies.com\/web\/wp-content\/uploads\/2020\/06\/logogr.gif\",\"width\":150,\"height\":104,\"caption\":\"Restaurante Ses Eufabies\"},\"image\":{\"@id\":\"https:\/\/eufabies.com\/web\/#logo\"}},{\"@type\":\"WebSite\",\"@id\":\"https:\/\/eufabies.com\/web\/#website\",\"url\":\"https:\/\/eufabies.com\/web\/\",\"name\":\"Ses Eufabies\",\"description\":\"Estamos Abiertos\",\"publisher\":{\"@id\":\"https:\/\/eufabies.com\/web\/#organization\"},\"potentialAction\":[{\"@type\":\"SearchAction\",\"target\":{\"@type\":\"EntryPoint\",\"urlTemplate\":\"https:\/\/eufabies.com\/web\/?s={search_term_string}\"},\"query-input\":\"required name=search_term_string\"}],\"inLanguage\":\"es\"},{\"@type\":\"ImageObject\",\"@id\":\"https:\/\/eufabies.com\/web\/contacto\/#primaryimage\",\"inLanguage\":\"es\",\"url\":\"https:\/\/eufabies.com\/web\/wp-content\/uploads\/2020\/06\/entorno2.jpg\",\"contentUrl\":\"https:\/\/eufabies.com\/web\/wp-content\/uploads\/2020\/06\/entorno2.jpg\",\"width\":550,\"height\":180},{\"@type\":\"WebPage\",\"@id\":\"https:\/\/eufabies.com\/web\/contacto\/#webpage\",\"url\":\"https:\/\/eufabies.com\/web\/contacto\/\",\"name\":\"Contacto - Tel\u00e9fono 971 80 63 28\",\"isPartOf\":{\"@id\":\"https:\/\/eufabies.com\/web\/#website\"},\"primaryImageOfPage\":{\"@id\":\"https:\/\/eufabies.com\/web\/contacto\/#primaryimage\"},\"datePublished\":\"2020-06-18T13:27:41+00:00\",\"dateModified\":\"2026-03-24T08:16:32+00:00\",\"breadcrumb\":{\"@id\":\"https:\/\/eufabies.com\/web\/contacto\/#breadcrumb\"},\"inLanguage\":\"es\",\"potentialAction\":[{\"@type\":\"ReadAction\",\"target\":[\"https:\/\/eufabies.com\/web\/contacto\/\"]}]},{\"@type\":\"BreadcrumbList\",\"@id\":\"https:\/\/eufabies.com\/web\/contacto\/#breadcrumb\",\"itemListElement\":[{\"@type\":\"ListItem\",\"position\":1,\"name\":\"Portada\",\"item\":\"https:\/\/eufabies.com\/web\/\"},{\"@type\":\"ListItem\",\"position\":2,\"name\":\"Contacto\"}]}]}<\/script>\n<!-- \/ Yoast SEO plugin. -->","yoast_head_json":{"title":"Contacto - Tel\u00e9fono 971 80 63 28","robots":{"index":"index","follow":"follow","max-snippet":"max-snippet:-1","max-image-preview":"max-image-preview:large","max-video-preview":"max-video-preview:-1"},"canonical":"https:\/\/eufabies.com\/web\/contacto\/","og_locale":"es_ES","og_type":"article","og_title":"Contacto - Tel\u00e9fono 971 80 63 28","og_description":"Playa Cala TaridaSan Jos\u00e9 &#8211; CP 07830Ibiza Abrimos el 27 de Marzo.Abierto cada d\u00eda:Bar, 13:00 &#8211; 23:00Cocina, 13:00 &#8211; 22:00 Reservas:Tel.: (+34) 971 80 63 28 Ver mapa m\u00e1s grande","og_url":"https:\/\/eufabies.com\/web\/contacto\/","og_site_name":"Tel\u00e9fono 971 80 63 28","article_publisher":"https:\/\/es-es.facebook.com\/SesEufabiesIbiza\/","article_modified_time":"2026-03-24T08:16:32+00:00","og_image":[{"width":550,"height":180,"url":"https:\/\/eufabies.com\/web\/wp-content\/uploads\/2020\/06\/entorno2.jpg","type":"image\/jpeg"}],"twitter_card":"summary_large_image","twitter_misc":{"Tiempo de lectura":"1 minuto"},"schema":{"@context":"https:\/\/schema.org","@graph":[{"@type":"Organization","@id":"https:\/\/eufabies.com\/web\/#organization","name":"Restaurante Ses Eufabies","url":"https:\/\/eufabies.com\/web\/","sameAs":["https:\/\/es-es.facebook.com\/SesEufabiesIbiza\/","https:\/\/www.instagram.com\/seseufabies"],"logo":{"@type":"ImageObject","@id":"https:\/\/eufabies.com\/web\/#logo","inLanguage":"es","url":"https:\/\/eufabies.com\/web\/wp-content\/uploads\/2020\/06\/logogr.gif","contentUrl":"https:\/\/eufabies.com\/web\/wp-content\/uploads\/2020\/06\/logogr.gif","width":150,"height":104,"caption":"Restaurante Ses Eufabies"},"image":{"@id":"https:\/\/eufabies.com\/web\/#logo"}},{"@type":"WebSite","@id":"https:\/\/eufabies.com\/web\/#website","url":"https:\/\/eufabies.com\/web\/","name":"Ses Eufabies","description":"Estamos Abiertos","publisher":{"@id":"https:\/\/eufabies.com\/web\/#organization"},"potentialAction":[{"@type":"SearchAction","target":{"@type":"EntryPoint","urlTemplate":"https:\/\/eufabies.com\/web\/?s={search_term_string}"},"query-input":"required name=search_term_string"}],"inLanguage":"es"},{"@type":"ImageObject","@id":"https:\/\/eufabies.com\/web\/contacto\/#primaryimage","inLanguage":"es","url":"https:\/\/eufabies.com\/web\/wp-content\/uploads\/2020\/06\/entorno2.jpg","contentUrl":"https:\/\/eufabies.com\/web\/wp-content\/uploads\/2020\/06\/entorno2.jpg","width":550,"height":180},{"@type":"WebPage","@id":"https:\/\/eufabies.com\/web\/contacto\/#webpage","url":"https:\/\/eufabies.com\/web\/contacto\/","name":"Contacto - Tel\u00e9fono 971 80 63 28","isPartOf":{"@id":"https:\/\/eufabies.com\/web\/#website"},"primaryImageOfPage":{"@id":"https:\/\/eufabies.com\/web\/contacto\/#primaryimage"},"datePublished":"2020-06-18T13:27:41+00:00","dateModified":"2026-03-24T08:16:32+00:00","breadcrumb":{"@id":"https:\/\/eufabies.com\/web\/contacto\/#breadcrumb"},"inLanguage":"es","potentialAction":[{"@type":"ReadAction","target":["https:\/\/eufabies.com\/web\/contacto\/"]}]},{"@type":"BreadcrumbList","@id":"https:\/\/eufabies.com\/web\/contacto\/#breadcrumb","itemListElement":[{"@type":"ListItem","position":1,"name":"Portada","item":"https:\/\/eufabies.com\/web\/"},{"@type":"ListItem","position":2,"name":"Contacto"}]}]}},"_links":{"self":[{"href":"https:\/\/eufabies.com\/web\/wp-json\/wp\/v2\/pages\/98"}],"collection":[{"href":"https:\/\/eufabies.com\/web\/wp-json\/wp\/v2\/pages"}],"about":[{"href":"https:\/\/eufabies.com\/web\/wp-json\/wp\/v2\/types\/page"}],"author":[{"embeddable":true,"href":"https:\/\/eufabies.com\/web\/wp-json\/wp\/v2\/users\/1"}],"replies":[{"embeddable":true,"href":"https:\/\/eufabies.com\/web\/wp-json\/wp\/v2\/comments?post=98"}],"version-history":[{"count":40,"href":"https:\/\/eufabies.com\/web\/wp-json\/wp\/v2\/pages\/98\/revisions"}],"predecessor-version":[{"id":736,"href":"https:\/\/eufabies.com\/web\/wp-json\/wp\/v2\/pages\/98\/revisions\/736"}],"wp:featuredmedia":[{"embeddable":true,"href":"https:\/\/eufabies.com\/web\/wp-json\/wp\/v2\/media\/34"}],"wp:attachment":[{"href":"https:\/\/eufabies.com\/web\/wp-json\/wp\/v2\/media?parent=98"}],"curies":[{"name":"wp","href":"https:\/\/api.w.org\/{rel}","templated":true}]}}